{"id":880,"date":"2025-12-09T08:59:23","date_gmt":"2025-12-09T13:59:23","guid":{"rendered":"https:\/\/staging.accordiashipping.com\/codigo-de-conducta-empresarial\/"},"modified":"2026-01-06T14:14:45","modified_gmt":"2026-01-06T13:14:45","slug":"codigo-de-conducta-empresarial","status":"publish","type":"page","link":"https:\/\/accordiashipping.com\/es\/codigo-de-conducta-empresarial\/","title":{"rendered":"C\u00f3digo de conducta empresarial"},"content":{"rendered":"\t\t<div data-elementor-type=\"wp-page\" data-elementor-id=\"880\" class=\"elementor elementor-880 elementor-795\" data-elementor-post-type=\"page\">\n\t\t\t\t<div class=\"elementor-element elementor-element-4cfaf19 e-flex e-con-boxed e-con e-parent\" data-id=\"4cfaf19\" data-element_type=\"container\" data-e-type=\"container\" data-settings=\"{&quot;jet_parallax_layout_list&quot;:[]}\">\n\t\t\t\t\t<div class=\"e-con-inner\">\n\t\t\t\t<div class=\"elementor-element elementor-element-190b5db elementor-widget elementor-widget-text-editor\" data-id=\"190b5db\" data-element_type=\"widget\" data-e-type=\"widget\" data-widget_type=\"text-editor.default\">\n\t\t\t\t\t\t\t\t\t<p style=\"font-weight: 400;\"><strong>ACCORDIA SHIPPING LLC<\/strong><\/p><p style=\"font-weight: 400;\"><strong>C\u00f3digo de Conducta Empresarial<\/strong><\/p><p style=\"font-weight: 400;\">Vigente a partir del 1 de julio de 2025<\/p><p style=\"font-weight: 400;\">Todos los derechos reservados \u00a9 2025<\/p>\t\t\t\t\t\t\t\t<\/div>\n\t\t\t\t<div class=\"elementor-element elementor-element-1166b16 elementor-widget elementor-widget-text-editor\" data-id=\"1166b16\" data-element_type=\"widget\" data-e-type=\"widget\" data-widget_type=\"text-editor.default\">\n\t\t\t\t\t\t\t\t\t<p style=\"font-weight: 400;\"><strong>Declaraci\u00f3n del Presidente<\/strong><\/p><p style=\"font-weight: 400;\"><strong>\u00a0<\/strong><\/p><p style=\"font-weight: 400;\">A todos los miembros de la familia Accordia,<\/p><p>\u00a0<\/p><p style=\"font-weight: 400;\">Nuestra empresa fue fundada sobre los principios de integridad, conducta l\u00edcita y respeto al estado de derecho. Cada env\u00edo que transportamos y cada alianza que establecemos reflejan no solo nuestra reputaci\u00f3n, sino tambi\u00e9n nuestra responsabilidad de proteger la seguridad nacional y la integridad del comercio internacional. Este C\u00f3digo de Conducta reafirma nuestro compromiso absoluto con las pr\u00e1cticas empresariales \u00e9ticas, la transparencia y el cumplimiento de todas las regulaciones aplicables de los Estados Unidos e internacionales que rigen el transporte mar\u00edtimo.<\/p><p style=\"font-weight: 400;\">Cada uno de ustedes desempe\u00f1a un papel esencial en el mantenimiento de la credibilidad de Accordia como Transportista Mar\u00edtimo Com\u00fan Operador de Buques (VOCC) con licencia en los Estados Unidos. Espero que todos los empleados, contratistas y representantes conozcan, comprendan y cumplan este C\u00f3digo.<\/p><p>\u00a0<\/p><p style=\"font-weight: 400;\">Lousder Jacques<\/p><p style=\"font-weight: 400;\">Presidente \u2013 Accordia Shipping LLC<\/p><p>\u00a0<\/p><h5><strong>1. Prop\u00f3sito y Aplicabilidad<\/strong><\/h5><p style=\"font-weight: 400;\">Este C\u00f3digo de Conducta Empresarial establece los est\u00e1ndares \u00e9ticos, operativos y regulatorios aplicables a todos los empleados, contratistas, proveedores y representantes de Accordia Shipping LLC (\u201cAccordia\u201d). Sirve como el marco rector para la forma en que Accordia conduce sus operaciones, gestiona el cumplimiento normativo y mantiene la rendici\u00f3n de cuentas dentro de la industria mar\u00edtima y log\u00edstica.<\/p><p style=\"font-weight: 400;\">Todos los empleados deben conocer, comprender y cumplir este C\u00f3digo y todas las pol\u00edticas aqu\u00ed referenciadas. Las violaciones pueden dar lugar a medidas disciplinarias, incluida la terminaci\u00f3n del empleo y, cuando corresponda, sanciones civiles o penales.<\/p><p>\u00a0<\/p><h5><strong>2. Cumplimiento \u00c9tico y Legal<\/strong><\/h5><p style=\"font-weight: 400;\">Accordia opera en estricto cumplimiento de todas las leyes y regulaciones de los Estados Unidos e internacionales que rigen el comercio mar\u00edtimo, incluidas, entre otras: FMC, FCPA, OFAC, BIS (EAR), USCG, EPA y MARPOL. Accordia mantiene una pol\u00edtica de tolerancia cero frente a la corrupci\u00f3n, el soborno, la falsificaci\u00f3n de registros o cualquier actividad incompatible con la ley estadounidense o internacional.<\/p><p>\u00a0<\/p><h5><strong>3. Gesti\u00f3n Ambiental y Operativa<\/strong><\/h5><p style=\"font-weight: 400;\">Como VOCC que presta servicios de carga Rodante (RoRo) y carga en contenedores, Accordia reconoce su deber de minimizar los riesgos ambientales asociados con la manipulaci\u00f3n de veh\u00edculos y mercanc\u00edas. Los empleados deben cumplir con todos los requisitos establecidos en:<\/p><ul style=\"font-weight: 400;\"><li>Pol\u00edtica de Aceptaci\u00f3n de Carga ACC-PEV-11 \u2013 Reglas de Oro<\/li><li>Procedimiento Operativo Ambiental (equivalente a SPCC)<\/li><\/ul><p style=\"font-weight: 400;\">Todos los veh\u00edculos deben ser inspeccionados para detectar fugas de combustible, aceite u otros fluidos antes de su carga. Accordia proh\u00edbe estrictamente la descarga de contaminantes en desag\u00fces superficiales, estanques pluviales o v\u00edas acu\u00e1ticas portuarias.<\/p><p>Para obtener m\u00e1s informaci\u00f3n sobre las normas de transporte mar\u00edtimo de veh\u00edculos, vea el <a href=\"https:\/\/youtu.be\/7KWN9a1SfVU?si=O-axIUdtn0L2gfxM\" target=\"_blank\" rel=\"noopener\">v\u00eddeo.<\/a><\/p><h5>\u00a0<\/h5><h5 style=\"font-weight: 400;\"><strong>4. Cumplimiento Comercial y SOP de Cuba<\/strong><\/h5><p style=\"font-weight: 400;\">Accordia realiza viajes l\u00edcitos a Cuba bajo la Excepci\u00f3n de Licencia SCP y AVS del BIS. Las operaciones deben cumplir con el SOP y la Lista de Verificaci\u00f3n de Comercio con Cuba de Accordia, que exige verificaci\u00f3n mediante BIS STELA, revisi\u00f3n OFAC y licenciamiento adecuado. El incumplimiento constituye una violaci\u00f3n material.<\/p><h5>\u00a0<\/h5><h5 style=\"font-weight: 400;\"><strong>5. Seguridad Nacional y Protecci\u00f3n de la Cadena de Suministro<\/strong><\/h5><p style=\"font-weight: 400;\">Accordia es reconocida como un participante cr\u00edtico en la cadena de suministro internacional. Todo el personal debe cumplir con los requisitos locales, estatales y federales (en particular: USCG y USCBP) y reportar de inmediato cualquier actividad sospechosa.<\/p><h5>\u00a0<\/h5><h5><strong>6. Salud, Seguridad y Conducta Laboral<\/strong><\/h5><p style=\"font-weight: 400;\">Accordia proporciona un entorno de trabajo seguro y respetuoso. Los empleados deben cumplir con las normas de seguridad de OSHA, operar los equipos de manera responsable y abstenerse de cualquier forma de acoso o discriminaci\u00f3n.<\/p><h5>\u00a0<\/h5><h5><strong>7. Reportes y Protecci\u00f3n a Denunciantes<\/strong><\/h5><p style=\"font-weight: 400;\">Los empleados que sospechen u observen una violaci\u00f3n deben reportarla a Asuntos Legales o Recursos Humanos. Los reportes pueden realizarse de forma confidencial. Accordia proh\u00edbe cualquier represalia contra denunciantes.<\/p><h5>\u00a0<\/h5><h5><strong>8. Medidas Disciplinarias<\/strong><\/h5><p style=\"font-weight: 400;\">Las violaciones de este C\u00f3digo pueden resultar en medidas disciplinarias, incluidas amonestaciones, suspensiones, terminaci\u00f3n o remisi\u00f3n a las autoridades correspondientes.<\/p><h5>\u00a0<\/h5><h5 style=\"font-weight: 400;\"><strong>9. Pol\u00edticas y SOPs Referenciados<\/strong><\/h5><ul style=\"font-weight: 400;\"><li>Pol\u00edtica de Aceptaci\u00f3n de Carga ACC-PEV-11 \u2013 Reglas de Oro (julio 2025)<\/li><li>SOP y Lista de Verificaci\u00f3n de Comercio con Cuba de Accordia (agosto 2025)<\/li><li>SOP de Respuesta Ambiental (agosto 2025)<\/li><li>Plan de Seguridad de Instalaciones (continuo)<\/li><li>Pol\u00edtica Antisoborno y de Regalos (junio 2025)<\/li><\/ul>\t\t\t\t\t\t\t\t<\/div>\n\t\t\t\t\t<\/div>\n\t\t\t\t<\/div>\n\t\t\t\t<\/div>\n\t\t","protected":false},"excerpt":{"rendered":"<p>ACCORDIA SHIPPING LLC C\u00f3digo de Conducta Empresarial Vigente a partir del 1 de julio de 2025 Todos los derechos reservados \u00a9 2025 Declaraci\u00f3n del Presidente \u00a0 A todos los miembros de la familia Accordia, \u00a0 Nuestra empresa fue fundada sobre los principios de integridad, conducta l\u00edcita y respeto al estado de derecho. Cada env\u00edo que [&hellip;]<\/p>\n","protected":false},"author":3,"featured_media":0,"parent":0,"menu_order":0,"comment_status":"closed","ping_status":"closed","template":"","meta":{"footnotes":""},"class_list":["post-880","page","type-page","status-publish","hentry"],"_links":{"self":[{"href":"https:\/\/accordiashipping.com\/es\/wp-json\/wp\/v2\/pages\/880","targetHints":{"allow":["GET"]}}],"collection":[{"href":"https:\/\/accordiashipping.com\/es\/wp-json\/wp\/v2\/pages"}],"about":[{"href":"https:\/\/accordiashipping.com\/es\/wp-json\/wp\/v2\/types\/page"}],"author":[{"embeddable":true,"href":"https:\/\/accordiashipping.com\/es\/wp-json\/wp\/v2\/users\/3"}],"replies":[{"embeddable":true,"href":"https:\/\/accordiashipping.com\/es\/wp-json\/wp\/v2\/comments?post=880"}],"version-history":[{"count":18,"href":"https:\/\/accordiashipping.com\/es\/wp-json\/wp\/v2\/pages\/880\/revisions"}],"predecessor-version":[{"id":1069,"href":"https:\/\/accordiashipping.com\/es\/wp-json\/wp\/v2\/pages\/880\/revisions\/1069"}],"wp:attachment":[{"href":"https:\/\/accordiashipping.com\/es\/wp-json\/wp\/v2\/media?parent=880"}],"curies":[{"name":"wp","href":"https:\/\/api.w.org\/{rel}","templated":true}]}}