{"id":882,"date":"2025-12-09T08:59:23","date_gmt":"2025-12-09T13:59:23","guid":{"rendered":"https:\/\/staging.accordiashipping.com\/kod-konduit-biznis\/"},"modified":"2025-12-25T15:40:28","modified_gmt":"2025-12-25T14:40:28","slug":"kod-konduit-biznis","status":"publish","type":"page","link":"https:\/\/accordiashipping.com\/hat\/kod-konduit-biznis\/","title":{"rendered":"K\u00f2d Konduit Biznis"},"content":{"rendered":"\t\t<div data-elementor-type=\"wp-page\" data-elementor-id=\"882\" class=\"elementor elementor-882 elementor-795\" data-elementor-post-type=\"page\">\n\t\t\t\t<div class=\"elementor-element elementor-element-4cfaf19 e-flex e-con-boxed e-con e-parent\" data-id=\"4cfaf19\" data-element_type=\"container\" data-e-type=\"container\" data-settings=\"{&quot;jet_parallax_layout_list&quot;:[]}\">\n\t\t\t\t\t<div class=\"e-con-inner\">\n\t\t\t\t<div class=\"elementor-element elementor-element-190b5db elementor-widget elementor-widget-text-editor\" data-id=\"190b5db\" data-element_type=\"widget\" data-e-type=\"widget\" data-widget_type=\"text-editor.default\">\n\t\t\t\t\t\t\t\t\t<p style=\"font-weight: 400;\"><strong>ACCORDIA SHIPPING LLC<\/strong><\/p><p style=\"font-weight: 400;\"><strong>K\u00f2d Konduit Biznis<\/strong><\/p><p style=\"font-weight: 400;\">An vig\u00e8 depi 1ye Jiy\u00e8 2025<\/p><p style=\"font-weight: 400;\">Tout dwa rez\u00e8ve \u00a9 2025<\/p>\t\t\t\t\t\t\t\t<\/div>\n\t\t\t\t<div class=\"elementor-element elementor-element-1166b16 elementor-widget elementor-widget-text-editor\" data-id=\"1166b16\" data-element_type=\"widget\" data-e-type=\"widget\" data-widget_type=\"text-editor.default\">\n\t\t\t\t\t\t\t\t\t<p style=\"font-weight: 400;\"><strong>Deklarasyon Prezidan an<\/strong><\/p><p style=\"font-weight: 400;\">Pou tout manm fanmi Accordia,<\/p><p style=\"font-weight: 400;\">Konpayi nou an te fonde sou entegrite, konduit legal, ak resp\u00e8 pou lalwa. Chak chajman nou transp\u00f2te ak chak patenarya nou etabli reflete pa s\u00e8lman repitasyon nou, men tou responsablite nou pou pwoteje sekirite nasyonal ak entegrite kom\u00e8s ent\u00e8nasyonal la. K\u00f2d Konduit sa a konfime angajman total nou anv\u00e8 pratik biznis etik, transparans, ak resp\u00e8 tout r\u00e8gleman ameriken ak ent\u00e8nasyonal ki gouv\u00e8ne transp\u00f2 maritim.<\/p><p style=\"font-weight: 400;\">Chak moun gen yon w\u00f2l esansy\u00e8l pou kenbe kredibilite Accordia k\u00f2m yon Transport\u00e8 Maritim Komen Operat\u00e8 Bato (VOCC) ki gen lisans Ozetazini. Mwen atann mwen ke tout anplwaye, kontrakt\u00e8, ak reprezantan konprann epi respekte K\u00f2d sa a.<\/p><p style=\"font-weight: 400;\">Lousder Jacques<\/p><p style=\"font-weight: 400;\">Prezidan \u2013 Accordia Shipping LLC<\/p><h5>\u00a0<\/h5><h5><strong>1. Objektif ak Aplikabilite<\/strong><\/h5><p style=\"font-weight: 400;\">K\u00f2d Konduit Biznis sa a etabli estanda etik, operasyon\u00e8l, ak regilasyon ki aplike pou tout anplwaye, kontrakt\u00e8, founis\u00e8, ak reprezantan Accordia Shipping LLC (\u201cAccordia\u201d). Li s\u00e8vi k\u00f2m kad dirijan pou fason Accordia fonksyone, jere konf\u00f2mite, epi asire responsablite nan endistri maritim ak lojistik la.<\/p><p style=\"font-weight: 400;\">Tout anplwaye oblije konnen, konprann, epi respekte K\u00f2d sa a ansanm ak tout politik ki site ladan li. Vyolasyon yo ka mennen nan mezi disiplin\u00e8, ki ka gen ladan revokasyon travay ak, si sa aplikab, sanksyon sivil oswa penal.<\/p><h5>\u00a0<\/h5><h5><strong>2. Konf\u00f2mite Etik ak Legal<\/strong><\/h5><p style=\"font-weight: 400;\">Accordia opere an konf\u00f2mite strik ak tout lwa ak r\u00e8gleman ameriken ak ent\u00e8nasyonal ki gouv\u00e8ne kom\u00e8s maritim, tankou: FMC, FCPA, OFAC, BIS (EAR), USCG, EPA, ak MARPOL. Accordia aplike yon politik tolerans zewo kont koripsyon, pot-de-vin, fo dokiman, oswa nenp\u00f2t aktivite ki pa konf\u00f2m ak lalwa.<\/p><h5>\u00a0<\/h5><h5><strong>3. Responsablite Anviw\u00f2nmantal ak Operasyon\u00e8l<\/strong><\/h5><p style=\"font-weight: 400;\">K\u00f2m yon VOCC ki bay s\u00e8vis RoRo ak kago an konten\u00e8, Accordia rekon\u00e8t devwa li pou minimize risk anviw\u00f2nmantal ki asosye ak manyen machin ak kago. Tout anplwaye dwe respekte kondisyon ki nan:<\/p><ul style=\"font-weight: 400;\"><li>Politik Akseptasyon Kago ACC-PEV-11 \u2013 R\u00e8g an L\u00f2<\/li><li>Pwosedi Repons Anviw\u00f2nmantal (ekivalan SPCC)<\/li><\/ul><p style=\"font-weight: 400;\">Tout machin dwe enspekte pou flit gaz, lwil, oswa l\u00f2t likid anvan chajman. Accordia ent\u00e8di f\u00f2m\u00e8lman tout dechaj polyan nan drenaj sifas, basen dlo lapli, oswa dlo p\u00f2 yo.<\/p><p>Pou plis enf\u00f2masyon sou r\u00e8g transp\u00f2 maritim pou machin yo, tanpri gade <a href=\"https:\/\/youtu.be\/7KWN9a1SfVU?si=O-axIUdtn0L2gfxM\" target=\"_blank\" rel=\"noopener\"><span class=\"sc-imWYAI hXteRa\">videyo a.<\/span><\/a><\/p><h5>\u00a0<\/h5><h5><strong>4. Konf\u00f2mite Kom\u00e8syal ak SOP Kiba<\/strong><\/h5><p style=\"font-weight: 400;\">Accordia f\u00e8 vwayaj legal pou Kiba anba Eksepsyon Lisans SCP ak AVS BIS. Operasyon yo dwe konf\u00f2m ak SOP ak Lis Verifikasyon Kom\u00e8s Kiba Accordia a, ki mande verifikasyon BIS STELA, kontw\u00f2l OFAC, ak lisans apwopriye. Nenp\u00f2t mank konf\u00f2mite se yon vyolasyon grav.<\/p><h5>\u00a0<\/h5><h5><strong>5. Sekirite Nasyonal ak Pwoteksyon Ch\u00e8n Apwovizy\u00f2nman<\/strong><\/h5><p style=\"font-weight: 400;\">Accordia rekon\u00e8t k\u00f2m yon akt\u00e8 enp\u00f2tan nan ch\u00e8n apwovizy\u00f2nman ent\u00e8nasyonal la. Tout p\u00e8son\u00e8l dwe respekte egzijans lokal, leta, ak federal (espesyalman: USCG ak USCBP) epi rap\u00f2te imedyatman nenp\u00f2t aktivite sisp\u00e8k.<\/p><h5>\u00a0<\/h5><h5><strong>6. Sante, Sekirite, ak Konduit Travay<\/strong><\/h5><p style=\"font-weight: 400;\">Accordia bay yon anviw\u00f2nman travay ki an sekirite ak resp\u00e8. Anplwaye yo dwe respekte r\u00e8gleman sekirite OSHA, itilize ekipman yo av\u00e8k responsabilite, epi evite tout f\u00f2m arasman oswa diskriminasyon.<\/p><h5>\u00a0<\/h5><h5><strong>7. Rap\u00f2 ak Pwoteksyon Denonsyat\u00e8<\/strong><\/h5><p style=\"font-weight: 400;\">Nenp\u00f2t anplwaye ki sisp\u00e8k oswa obs\u00e8ve yon vyolasyon dwe rap\u00f2te li bay Af\u00e8 Legal oswa Resous Im\u00e8n. Rap\u00f2 yo ka f\u00e8t an konfidans. Accordia ent\u00e8di tout f\u00f2m revanj kont denonsyat\u00e8.<\/p><h5>\u00a0<\/h5><h5><strong>8. Mezi Disiplin\u00e8<\/strong><\/h5><p style=\"font-weight: 400;\">Vyolasyon K\u00f2d sa a ka mennen nan mezi disiplin\u00e8 tankou av\u00e8tisman, sispansyon, revokasyon, oswa referans bay otorite yo.<\/p><h5>\u00a0<\/h5><h5><strong>9. Politik ak SOP ki Site<\/strong><\/h5><ul style=\"font-weight: 400;\"><li>Politik Akseptasyon Kago ACC-PEV-11 \u2013 R\u00e8g an L\u00f2 (Jiy\u00e8 2025)<\/li><li>SOP &amp; Lis Verifikasyon Kom\u00e8s Kiba Accordia (Out 2025)<\/li><li>SOP Repons Anviw\u00f2nmantal (Out 2025)<\/li><li>Plan Sekirite Enstalasyon (kontiny\u00e8l)<\/li><li>Politik Kont Pot-de-vin ak Kado (Jen 2025)<\/li><\/ul>\t\t\t\t\t\t\t\t<\/div>\n\t\t\t\t\t<\/div>\n\t\t\t\t<\/div>\n\t\t\t\t<\/div>\n\t\t","protected":false},"excerpt":{"rendered":"<p>ACCORDIA SHIPPING LLC K\u00f2d Konduit Biznis An vig\u00e8 depi 1ye Jiy\u00e8 2025 Tout dwa rez\u00e8ve \u00a9 2025 Deklarasyon Prezidan an Pou tout manm fanmi Accordia, Konpayi nou an te fonde sou entegrite, konduit legal, ak resp\u00e8 pou lalwa. Chak chajman nou transp\u00f2te ak chak patenarya nou etabli reflete pa s\u00e8lman repitasyon nou, men tou responsablite [&hellip;]<\/p>\n","protected":false},"author":3,"featured_media":0,"parent":0,"menu_order":0,"comment_status":"closed","ping_status":"closed","template":"","meta":{"footnotes":""},"class_list":["post-882","page","type-page","status-publish","hentry"],"_links":{"self":[{"href":"https:\/\/accordiashipping.com\/hat\/wp-json\/wp\/v2\/pages\/882","targetHints":{"allow":["GET"]}}],"collection":[{"href":"https:\/\/accordiashipping.com\/hat\/wp-json\/wp\/v2\/pages"}],"about":[{"href":"https:\/\/accordiashipping.com\/hat\/wp-json\/wp\/v2\/types\/page"}],"author":[{"embeddable":true,"href":"https:\/\/accordiashipping.com\/hat\/wp-json\/wp\/v2\/users\/3"}],"replies":[{"embeddable":true,"href":"https:\/\/accordiashipping.com\/hat\/wp-json\/wp\/v2\/comments?post=882"}],"version-history":[{"count":15,"href":"https:\/\/accordiashipping.com\/hat\/wp-json\/wp\/v2\/pages\/882\/revisions"}],"predecessor-version":[{"id":1063,"href":"https:\/\/accordiashipping.com\/hat\/wp-json\/wp\/v2\/pages\/882\/revisions\/1063"}],"wp:attachment":[{"href":"https:\/\/accordiashipping.com\/hat\/wp-json\/wp\/v2\/media?parent=882"}],"curies":[{"name":"wp","href":"https:\/\/api.w.org\/{rel}","templated":true}]}}